{"id":3125,"date":"2025-02-18T07:27:21","date_gmt":"2025-02-18T07:27:21","guid":{"rendered":"https:\/\/www.eks-intec.com\/?page_id=3125"},"modified":"2025-02-18T09:55:56","modified_gmt":"2025-02-18T09:55:56","slug":"tab","status":"publish","type":"page","link":"https:\/\/www.eks-intec.com\/de\/tab\/","title":{"rendered":"Tab"},"content":{"rendered":"<div data-elementor-type=\"wp-page\" data-elementor-id=\"3125\" class=\"elementor elementor-3125\" data-elementor-post-type=\"page\">\n\t\t\t\t<div class=\"elementor-element elementor-element-5a78fb4 e-con-full e-flex e-con e-parent\" data-id=\"5a78fb4\" data-element_type=\"container\" data-e-type=\"container\">\n\t\t<div class=\"elementor-element elementor-element-ff0e5b0 e-con-full e-flex e-con e-child\" data-id=\"ff0e5b0\" data-element_type=\"container\" data-e-type=\"container\" data-settings=\"{&quot;background_background&quot;:&quot;classic&quot;,&quot;position&quot;:&quot;absolute&quot;}\">\n\t\t\t\t<\/div>\n\t\t<div class=\"elementor-element elementor-element-50ded88 e-con-full e-flex e-con e-child\" data-id=\"50ded88\" data-element_type=\"container\" data-e-type=\"container\">\n\t\t<div class=\"elementor-element elementor-element-a23c461 e-con-full e-flex e-con e-child\" data-id=\"a23c461\" data-element_type=\"container\" data-e-type=\"container\">\n\t\t\t\t<div class=\"elementor-element elementor-element-540f42d elementor-widget__width-inherit elementor-widget elementor-widget-text-editor\" data-id=\"540f42d\" data-element_type=\"widget\" data-e-type=\"widget\" data-widget_type=\"text-editor.default\">\n\t\t\t\t<div class=\"elementor-widget-container\">\n\t\t\t\t\t\t\t\t\t<p>Da ist noch mehr!<\/p>\t\t\t\t\t\t\t\t<\/div>\n\t\t\t\t<\/div>\n\t\t\t\t<div class=\"elementor-element elementor-element-1b737be elementor-widget__width-initial elementor-widget-laptop__width-inherit elementor-widget elementor-widget-text-editor\" data-id=\"1b737be\" data-element_type=\"widget\" data-e-type=\"widget\" data-widget_type=\"text-editor.default\">\n\t\t\t\t<div class=\"elementor-widget-container\">\n\t\t\t\t\t\t\t\t\tWir haben noch nicht alles erw\u00e4hnt. Die vollst\u00e4ndige Liste der Benefits und deren Verf\u00fcgbarkeit an den verschiedenen Standorten ist umfangreich und beeindruckend. Es ist f\u00fcr jede und jeden etwas dabei.\t\t\t\t\t\t\t\t<\/div>\n\t\t\t\t<\/div>\n\t\t\t\t<\/div>\n\t\t\t\t<div class=\"elementor-element elementor-element-957c749 e-n-tabs-mobile elementor-widget elementor-widget-n-tabs\" data-id=\"957c749\" data-element_type=\"widget\" data-e-type=\"widget\" id=\"tabbed-content\" data-settings=\"{&quot;tabs_justify_horizontal&quot;:&quot;start&quot;,&quot;horizontal_scroll_mobile&quot;:&quot;disable&quot;,&quot;horizontal_scroll&quot;:&quot;disable&quot;}\" data-widget_type=\"nested-tabs.default\">\n\t\t\t\t<div class=\"elementor-widget-container\">\n\t\t\t\t\t\t\t<div class=\"e-n-tabs\" data-widget-number=\"156747593\" aria-label=\"Tabs. \u00d6ffnen mit Enter oder Leertaste, schlie\u00dfen mit Escape und mit den Pfeiltasten navigieren.\">\n\t\t\t<div class=\"e-n-tabs-heading\" role=\"tablist\">\n\t\t\t\t\t<button id=\"e-n-tab-title-1567475931\" data-tab-title-id=\"e-n-tab-title-1567475931\" class=\"e-n-tab-title\" aria-selected=\"true\" data-tab-index=\"1\" role=\"tab\" tabindex=\"0\" aria-controls=\"e-n-tab-content-1567475931\" style=\"--n-tabs-title-order: 1;\">\n\t\t\t\t\t\t<span class=\"e-n-tab-title-text\">\n\t\t\t\tWeingarten\t\t\t<\/span>\n\t\t<\/button>\n\t\t\t\t<button id=\"e-n-tab-title-1567475932\" data-tab-title-id=\"e-n-tab-title-1567475932\" class=\"e-n-tab-title\" aria-selected=\"false\" data-tab-index=\"2\" role=\"tab\" tabindex=\"-1\" aria-controls=\"e-n-tab-content-1567475932\" style=\"--n-tabs-title-order: 2;\">\n\t\t\t\t\t\t<span class=\"e-n-tab-title-text\">\n\t\t\t\tBangalore &amp; Pune\t\t\t<\/span>\n\t\t<\/button>\n\t\t\t\t<button id=\"e-n-tab-title-1567475933\" data-tab-title-id=\"e-n-tab-title-1567475933\" class=\"e-n-tab-title\" aria-selected=\"false\" data-tab-index=\"3\" role=\"tab\" tabindex=\"-1\" aria-controls=\"e-n-tab-content-1567475933\" style=\"--n-tabs-title-order: 3;\">\n\t\t\t\t\t\t<span class=\"e-n-tab-title-text\">\n\t\t\t\tShanghai\t\t\t<\/span>\n\t\t<\/button>\n\t\t\t\t<button id=\"e-n-tab-title-1567475934\" data-tab-title-id=\"e-n-tab-title-1567475934\" class=\"e-n-tab-title\" aria-selected=\"false\" data-tab-index=\"4\" role=\"tab\" tabindex=\"-1\" aria-controls=\"e-n-tab-content-1567475934\" style=\"--n-tabs-title-order: 4;\">\n\t\t\t\t\t\t<span class=\"e-n-tab-title-text\">\n\t\t\t\tTuzla\t\t\t<\/span>\n\t\t<\/button>\n\t\t\t\t\t<\/div>\n\t\t\t<div class=\"e-n-tabs-content\">\n\t\t\t\t<div id=\"e-n-tab-content-1567475931\" role=\"tabpanel\" aria-labelledby=\"e-n-tab-title-1567475931\" data-tab-index=\"1\" style=\"--n-tabs-title-order: 1;\" class=\"e-active elementor-element elementor-element-1b07e1a e-con-full e-flex e-con e-child\" data-id=\"1b07e1a\" data-element_type=\"container\" data-e-type=\"container\">\n\t\t<div class=\"elementor-element elementor-element-194e1e2 e-con-full all-content e-flex e-con e-child\" data-id=\"194e1e2\" data-element_type=\"container\" data-e-type=\"container\">\n\t\t\t\t<div class=\"elementor-element elementor-element-525f2be elementor-widget elementor-widget-heading\" data-id=\"525f2be\" data-element_type=\"widget\" data-e-type=\"widget\" data-widget_type=\"heading.default\">\n\t\t\t\t<div class=\"elementor-widget-container\">\n\t\t\t\t\t<h2 class=\"elementor-heading-title elementor-size-default\">Weingarten<\/h2>\t\t\t\t<\/div>\n\t\t\t\t<\/div>\n\t\t<div class=\"elementor-element elementor-element-a6816fd e-con-full e-flex e-con e-child\" data-id=\"a6816fd\" data-element_type=\"container\" data-e-type=\"container\">\n\t\t\t\t<div class=\"elementor-element elementor-element-d1973e4 elementor-widget elementor-widget-text-editor\" data-id=\"d1973e4\" data-element_type=\"widget\" data-e-type=\"widget\" data-widget_type=\"text-editor.default\">\n\t\t\t\t<div class=\"elementor-widget-container\">\n\t\t\t\t\t\t\t\t\t<ul style=\"list-style-type: disc;\"><li>Krankenversicherung<\/li><li><span style=\"font-weight: 400;\">Professionelle Weiterentwicklung<\/span><\/li><li>Altersvorsorge<\/li><li><span style=\"font-weight: 400;\">Mitarbeiterunterst\u00fctzungsprogramme (EAP)<\/span><\/li><li>Bezahlter Urlaub (PTO)<\/li><\/ul>\t\t\t\t\t\t\t\t<\/div>\n\t\t\t\t<\/div>\n\t\t\t\t<div class=\"elementor-element elementor-element-8756f9e elementor-widget elementor-widget-text-editor\" data-id=\"8756f9e\" data-element_type=\"widget\" data-e-type=\"widget\" data-widget_type=\"text-editor.default\">\n\t\t\t\t<div class=\"elementor-widget-container\">\n\t\t\t\t\t\t\t\t\t<ul style=\"list-style-type: disc;\"><li><span style=\"font-weight: 400;\">Lebens- und Invalidit\u00e4tsversicherung<\/span><\/li><li>Flexible Arbeitszeiten<\/li><li><span style=\"font-weight: 400;\">Leistungspr\u00e4mien<\/span><\/li><li>M\u00f6glichkeiten f\u00fcr Remote-Arbeit<\/li><li><span style=\"font-weight: 400;\">Gesundheits- und Wellnessprogramme<\/span><\/li><\/ul>\t\t\t\t\t\t\t\t<\/div>\n\t\t\t\t<\/div>\n\t\t\t\t<\/div>\n\t\t\t\t<\/div>\n\t\t\t\t<\/div>\n\t\t<div id=\"e-n-tab-content-1567475932\" role=\"tabpanel\" aria-labelledby=\"e-n-tab-title-1567475932\" data-tab-index=\"2\" style=\"--n-tabs-title-order: 2;\" class=\"elementor-element elementor-element-17965d3 e-con-full e-flex e-con e-child\" data-id=\"17965d3\" data-element_type=\"container\" data-e-type=\"container\">\n\t\t<div class=\"elementor-element elementor-element-8b6ab5a e-con-full all-content e-flex e-con e-child\" data-id=\"8b6ab5a\" data-element_type=\"container\" data-e-type=\"container\">\n\t\t\t\t<div class=\"elementor-element elementor-element-9d7adb3 elementor-widget elementor-widget-heading\" data-id=\"9d7adb3\" data-element_type=\"widget\" data-e-type=\"widget\" data-widget_type=\"heading.default\">\n\t\t\t\t<div class=\"elementor-widget-container\">\n\t\t\t\t\t<h2 class=\"elementor-heading-title elementor-size-default\">Bangalore &amp; Pune<\/h2>\t\t\t\t<\/div>\n\t\t\t\t<\/div>\n\t\t<div class=\"elementor-element elementor-element-b5c8f54 e-con-full e-flex e-con e-child\" data-id=\"b5c8f54\" data-element_type=\"container\" data-e-type=\"container\">\n\t\t\t\t<div class=\"elementor-element elementor-element-6973888 elementor-widget elementor-widget-text-editor\" data-id=\"6973888\" data-element_type=\"widget\" data-e-type=\"widget\" data-widget_type=\"text-editor.default\">\n\t\t\t\t<div class=\"elementor-widget-container\">\n\t\t\t\t\t\t\t\t\t<ul style=\"list-style-type: disc;\"><li style=\"font-weight: 400;\" aria-level=\"1\"><span style=\"font-weight: 400;\">40 Arbeitsstunden pro Woche und eine hybride Arbeitskultur (Homeoffice und B\u00fcro).<\/span><\/li><li style=\"font-weight: 400;\" aria-level=\"1\"><span style=\"font-weight: 400;\">Krankenversicherung f\u00fcr Familienangeh\u00f6rige.<\/span><\/li><li style=\"font-weight: 400;\" aria-level=\"1\"><span style=\"font-weight: 400;\">Telefonzuschuss, Abfindung und Krankenversicherung sind vom Jahresgehalt getrennt.<\/span><\/li><li style=\"font-weight: 400;\" aria-level=\"1\"><span style=\"font-weight: 400;\">Optionale steuerfreie Gehaltsbestandteile wie Essensgutscheine (Pluxee) und das betriebliche nationale Pensionssystem (Corporate National Pension Scheme).<\/span><\/li><li style=\"font-weight: 400;\" aria-level=\"1\"><span style=\"font-weight: 400;\">Sozialversicherung: Vorsorgefonds (Provident Fund)<\/span><\/li><\/ul>\t\t\t\t\t\t\t\t<\/div>\n\t\t\t\t<\/div>\n\t\t\t\t<\/div>\n\t\t\t\t<\/div>\n\t\t\t\t<\/div>\n\t\t<div id=\"e-n-tab-content-1567475933\" role=\"tabpanel\" aria-labelledby=\"e-n-tab-title-1567475933\" data-tab-index=\"3\" style=\"--n-tabs-title-order: 3;\" class=\"elementor-element elementor-element-184f422 e-con-full e-flex e-con e-child\" data-id=\"184f422\" data-element_type=\"container\" data-e-type=\"container\">\n\t\t<div class=\"elementor-element elementor-element-7484ff3 e-con-full all-content e-flex e-con e-child\" data-id=\"7484ff3\" data-element_type=\"container\" data-e-type=\"container\">\n\t\t\t\t<div class=\"elementor-element elementor-element-fbf16ce elementor-widget elementor-widget-heading\" data-id=\"fbf16ce\" data-element_type=\"widget\" data-e-type=\"widget\" data-widget_type=\"heading.default\">\n\t\t\t\t<div class=\"elementor-widget-container\">\n\t\t\t\t\t<h2 class=\"elementor-heading-title elementor-size-default\">Shanghai<\/h2>\t\t\t\t<\/div>\n\t\t\t\t<\/div>\n\t\t<div class=\"elementor-element elementor-element-90810a3 e-con-full e-flex e-con e-child\" data-id=\"90810a3\" data-element_type=\"container\" data-e-type=\"container\">\n\t\t\t\t<div class=\"elementor-element elementor-element-cc5e854 elementor-widget elementor-widget-text-editor\" data-id=\"cc5e854\" data-element_type=\"widget\" data-e-type=\"widget\" data-widget_type=\"text-editor.default\">\n\t\t\t\t<div class=\"elementor-widget-container\">\n\t\t\t\t\t\t\t\t\t<ul style=\"list-style-type: disc;\"><li style=\"font-weight: 400;\" aria-level=\"1\"><span style=\"font-weight: 400;\">Spezielle Urlaubsangebote\u00a0<\/span><\/li><li style=\"font-weight: 400;\" aria-level=\"1\"><span style=\"font-weight: 400;\">Online-Weiterbildungsm\u00f6glichkeiten \u2013 von Office-Kenntnissen bis hin zu Projektmanagement.<\/span><\/li><li style=\"font-weight: 400;\" aria-level=\"1\"><span style=\"font-weight: 400;\">Exklusive Essensgutscheine oder Zusch\u00fcsse f\u00fcrs Mittagessen.<\/span><\/li><\/ul>\t\t\t\t\t\t\t\t<\/div>\n\t\t\t\t<\/div>\n\t\t\t\t<\/div>\n\t\t\t\t<\/div>\n\t\t\t\t<\/div>\n\t\t<div id=\"e-n-tab-content-1567475934\" role=\"tabpanel\" aria-labelledby=\"e-n-tab-title-1567475934\" data-tab-index=\"4\" style=\"--n-tabs-title-order: 4;\" class=\"elementor-element elementor-element-cfcd0f9 e-con-full e-flex e-con e-child\" data-id=\"cfcd0f9\" data-element_type=\"container\" data-e-type=\"container\">\n\t\t<div class=\"elementor-element elementor-element-93d52e9 e-con-full all-content e-flex e-con e-child\" data-id=\"93d52e9\" data-element_type=\"container\" data-e-type=\"container\">\n\t\t\t\t<div class=\"elementor-element elementor-element-7322009 elementor-widget elementor-widget-heading\" data-id=\"7322009\" data-element_type=\"widget\" data-e-type=\"widget\" data-widget_type=\"heading.default\">\n\t\t\t\t<div class=\"elementor-widget-container\">\n\t\t\t\t\t<h2 class=\"elementor-heading-title elementor-size-default\">Tuzla<\/h2>\t\t\t\t<\/div>\n\t\t\t\t<\/div>\n\t\t<div class=\"elementor-element elementor-element-12f875e e-con-full e-flex e-con e-child\" data-id=\"12f875e\" data-element_type=\"container\" data-e-type=\"container\">\n\t\t\t\t<div class=\"elementor-element elementor-element-2434fe8 elementor-widget elementor-widget-text-editor\" data-id=\"2434fe8\" data-element_type=\"widget\" data-e-type=\"widget\" data-widget_type=\"text-editor.default\">\n\t\t\t\t<div class=\"elementor-widget-container\">\n\t\t\t\t\t\t\t\t\t<ul style=\"list-style-type: disc;\"><li style=\"font-weight: 400;\" aria-level=\"1\"><span style=\"font-weight: 400;\">Hybride Arbeitskultur (Homeoffice)<\/span><\/li><li style=\"font-weight: 400;\" aria-level=\"1\"><span style=\"font-weight: 400;\">Teambuilding-Aktivit\u00e4ten<\/span><\/li><li style=\"font-weight: 400;\" aria-level=\"1\"><span style=\"font-weight: 400;\">Ma\u00dfnahmen zur Gesundheitsf\u00f6rderung<\/span><\/li><li style=\"font-weight: 400;\" aria-level=\"1\"><span style=\"font-weight: 400;\">Optionale steuerfreie Gehaltsbestandteile (Fitnessstudio, Gesundheitsaktivit\u00e4ten und vieles mehr)<\/span><\/li><li style=\"font-weight: 400;\" aria-level=\"1\"><span style=\"font-weight: 400;\">Zus\u00e4tzliche Urlaubstage und Zusch\u00fcsse f\u00fcr famili\u00e4re Angelegenheiten<\/span><\/li><\/ul>\t\t\t\t\t\t\t\t<\/div>\n\t\t\t\t<\/div>\n\t\t\t\t<\/div>\n\t\t\t\t<\/div>\n\t\t\t\t<\/div>\n\t\t\t\t\t<\/div>\n\t\t<\/div>\n\t\t\t\t\t\t<\/div>\n\t\t\t\t<\/div>\n\t\t\t\t<\/div>\n\t\t<div class=\"elementor-element elementor-element-24adea3 e-con-full e-flex e-con e-child\" data-id=\"24adea3\" data-element_type=\"container\" data-e-type=\"container\">\n\t\t\t\t<div class=\"elementor-element elementor-element-ad46a97 elementor-widget elementor-widget-image\" data-id=\"ad46a97\" data-element_type=\"widget\" data-e-type=\"widget\" data-widget_type=\"image.default\">\n\t\t\t\t<div class=\"elementor-widget-container\">\n\t\t\t\t\t\t\t\t\t\t\t\t\t\t\t<img fetchpriority=\"high\" decoding=\"async\" width=\"1077\" height=\"725\" src=\"https:\/\/www.eks-intec.com\/wp-content\/uploads\/2025\/02\/close-up-electric-car-battery-production-line-1.jpg\" class=\"attachment-full size-full wp-image-3131\" alt=\"\" srcset=\"https:\/\/www.eks-intec.com\/wp-content\/uploads\/2025\/02\/close-up-electric-car-battery-production-line-1.jpg 1077w, https:\/\/www.eks-intec.com\/wp-content\/uploads\/2025\/02\/close-up-electric-car-battery-production-line-1-300x202.jpg 300w, https:\/\/www.eks-intec.com\/wp-content\/uploads\/2025\/02\/close-up-electric-car-battery-production-line-1-1024x689.jpg 1024w, https:\/\/www.eks-intec.com\/wp-content\/uploads\/2025\/02\/close-up-electric-car-battery-production-line-1-768x517.jpg 768w, https:\/\/www.eks-intec.com\/wp-content\/uploads\/2025\/02\/close-up-electric-car-battery-production-line-1-18x12.jpg 18w\" sizes=\"(max-width: 1077px) 100vw, 1077px\" \/>\t\t\t\t\t\t\t\t\t\t\t\t\t\t\t<\/div>\n\t\t\t\t<\/div>\n\t\t\t\t<\/div>\n\t\t\t\t<\/div>\n\t\t\t\t<\/div>","protected":false},"excerpt":{"rendered":"<p>There\u2019s more! We did not mention everything. The full list of benefits and their availability in different locations is extensive and glorious. There\u2019s a little bit of something for everyone. Weingarten Bangalore and Pune Shanghai Tuzla Weingarten Health Insurance Professional Development Retirement Plans Employee Assistance Programs (EAP) Paid Time Off (PTO) Life and Disability Insurance [&hellip;]<\/p>\n","protected":false},"author":7,"featured_media":0,"parent":0,"menu_order":23,"comment_status":"closed","ping_status":"closed","template":"","meta":{"_acf_changed":false,"footnotes":""},"class_list":["post-3125","page","type-page","status-publish","hentry"],"acf":[],"yoast_head":"<!-- This site is optimized with the Yoast SEO plugin v27.1.1 - https:\/\/yoast.com\/product\/yoast-seo-wordpress\/ -->\n<title>Tab - EKS Site<\/title>\n<meta name=\"robots\" content=\"index, follow, max-snippet:-1, max-image-preview:large, max-video-preview:-1\" \/>\n<link rel=\"canonical\" href=\"https:\/\/www.eks-intec.com\/de\/tab\/\" \/>\n<meta property=\"og:locale\" content=\"de_DE\" \/>\n<meta property=\"og:type\" content=\"article\" \/>\n<meta property=\"og:title\" content=\"Tab - EKS Site\" \/>\n<meta property=\"og:description\" content=\"There\u2019s more! We did not mention everything. The full list of benefits and their availability in different locations is extensive and glorious. There\u2019s a little bit of something for everyone. Weingarten Bangalore and Pune Shanghai Tuzla Weingarten Health Insurance Professional Development Retirement Plans Employee Assistance Programs (EAP) Paid Time Off (PTO) Life and Disability Insurance [&hellip;]\" \/>\n<meta property=\"og:url\" content=\"https:\/\/www.eks-intec.com\/de\/tab\/\" \/>\n<meta property=\"og:site_name\" content=\"EKS Site\" \/>\n<meta property=\"article:modified_time\" content=\"2025-02-18T09:55:56+00:00\" \/>\n<meta property=\"og:image\" content=\"https:\/\/www.eks-intec.com\/wp-content\/uploads\/2025\/02\/close-up-electric-car-battery-production-line-1.jpg\" \/>\n\t<meta property=\"og:image:width\" content=\"1077\" \/>\n\t<meta property=\"og:image:height\" content=\"725\" \/>\n\t<meta property=\"og:image:type\" content=\"image\/jpeg\" \/>\n<meta name=\"twitter:card\" content=\"summary_large_image\" \/>\n<meta name=\"twitter:label1\" content=\"Gesch\u00e4tzte Lesezeit\" \/>\n\t<meta name=\"twitter:data1\" content=\"2\u00a0Minuten\" \/>\n<script type=\"application\/ld+json\" class=\"yoast-schema-graph\">{\"@context\":\"https:\/\/schema.org\",\"@graph\":[{\"@type\":\"WebPage\",\"@id\":\"https:\/\/www.eks-intec.com\/tab\/\",\"url\":\"https:\/\/www.eks-intec.com\/tab\/\",\"name\":\"Tab - EKS Site\",\"isPartOf\":{\"@id\":\"https:\/\/www.eks-intec.com\/#website\"},\"primaryImageOfPage\":{\"@id\":\"https:\/\/www.eks-intec.com\/tab\/#primaryimage\"},\"image\":{\"@id\":\"https:\/\/www.eks-intec.com\/tab\/#primaryimage\"},\"thumbnailUrl\":\"https:\/\/www.eks-intec.com\/wp-content\/uploads\/2025\/02\/close-up-electric-car-battery-production-line-1.jpg\",\"datePublished\":\"2025-02-18T07:27:21+00:00\",\"dateModified\":\"2025-02-18T09:55:56+00:00\",\"breadcrumb\":{\"@id\":\"https:\/\/www.eks-intec.com\/tab\/#breadcrumb\"},\"inLanguage\":\"de\",\"potentialAction\":[{\"@type\":\"ReadAction\",\"target\":[\"https:\/\/www.eks-intec.com\/tab\/\"]}]},{\"@type\":\"ImageObject\",\"inLanguage\":\"de\",\"@id\":\"https:\/\/www.eks-intec.com\/tab\/#primaryimage\",\"url\":\"https:\/\/www.eks-intec.com\/wp-content\/uploads\/2025\/02\/close-up-electric-car-battery-production-line-1.jpg\",\"contentUrl\":\"https:\/\/www.eks-intec.com\/wp-content\/uploads\/2025\/02\/close-up-electric-car-battery-production-line-1.jpg\"},{\"@type\":\"BreadcrumbList\",\"@id\":\"https:\/\/www.eks-intec.com\/tab\/#breadcrumb\",\"itemListElement\":[{\"@type\":\"ListItem\",\"position\":1,\"name\":\"Home\",\"item\":\"https:\/\/www.eks-intec.com\/\"},{\"@type\":\"ListItem\",\"position\":2,\"name\":\"Tab\"}]},{\"@type\":\"WebSite\",\"@id\":\"https:\/\/www.eks-intec.com\/#website\",\"url\":\"https:\/\/www.eks-intec.com\/\",\"name\":\"EKS InTec Website\",\"description\":\"Your SUPER-powered WP Engine Site\",\"publisher\":{\"@id\":\"https:\/\/www.eks-intec.com\/#organization\"},\"potentialAction\":[{\"@type\":\"SearchAction\",\"target\":{\"@type\":\"EntryPoint\",\"urlTemplate\":\"https:\/\/www.eks-intec.com\/?s={search_term_string}\"},\"query-input\":{\"@type\":\"PropertyValueSpecification\",\"valueRequired\":true,\"valueName\":\"search_term_string\"}}],\"inLanguage\":\"de\"},{\"@type\":\"Organization\",\"@id\":\"https:\/\/www.eks-intec.com\/#organization\",\"name\":\"EKS InTec\",\"url\":\"https:\/\/www.eks-intec.com\/\",\"logo\":{\"@type\":\"ImageObject\",\"inLanguage\":\"de\",\"@id\":\"https:\/\/www.eks-intec.com\/#\/schema\/logo\/image\/\",\"url\":\"https:\/\/www.eks-intec.com\/wp-content\/uploads\/2026\/03\/eks-icon-1.svg\",\"contentUrl\":\"https:\/\/www.eks-intec.com\/wp-content\/uploads\/2026\/03\/eks-icon-1.svg\",\"caption\":\"EKS InTec\"},\"image\":{\"@id\":\"https:\/\/www.eks-intec.com\/#\/schema\/logo\/image\/\"}}]}<\/script>\n<!-- \/ Yoast SEO plugin. -->","yoast_head_json":{"title":"Tab - EKS Site","robots":{"index":"index","follow":"follow","max-snippet":"max-snippet:-1","max-image-preview":"max-image-preview:large","max-video-preview":"max-video-preview:-1"},"canonical":"https:\/\/www.eks-intec.com\/de\/tab\/","og_locale":"de_DE","og_type":"article","og_title":"Tab - EKS Site","og_description":"There\u2019s more! We did not mention everything. The full list of benefits and their availability in different locations is extensive and glorious. There\u2019s a little bit of something for everyone. Weingarten Bangalore and Pune Shanghai Tuzla Weingarten Health Insurance Professional Development Retirement Plans Employee Assistance Programs (EAP) Paid Time Off (PTO) Life and Disability Insurance [&hellip;]","og_url":"https:\/\/www.eks-intec.com\/de\/tab\/","og_site_name":"EKS Site","article_modified_time":"2025-02-18T09:55:56+00:00","og_image":[{"width":1077,"height":725,"url":"https:\/\/www.eks-intec.com\/wp-content\/uploads\/2025\/02\/close-up-electric-car-battery-production-line-1.jpg","type":"image\/jpeg"}],"twitter_card":"summary_large_image","twitter_misc":{"Gesch\u00e4tzte Lesezeit":"2\u00a0Minuten"},"schema":{"@context":"https:\/\/schema.org","@graph":[{"@type":"WebPage","@id":"https:\/\/www.eks-intec.com\/tab\/","url":"https:\/\/www.eks-intec.com\/tab\/","name":"Tab - EKS Site","isPartOf":{"@id":"https:\/\/www.eks-intec.com\/#website"},"primaryImageOfPage":{"@id":"https:\/\/www.eks-intec.com\/tab\/#primaryimage"},"image":{"@id":"https:\/\/www.eks-intec.com\/tab\/#primaryimage"},"thumbnailUrl":"https:\/\/www.eks-intec.com\/wp-content\/uploads\/2025\/02\/close-up-electric-car-battery-production-line-1.jpg","datePublished":"2025-02-18T07:27:21+00:00","dateModified":"2025-02-18T09:55:56+00:00","breadcrumb":{"@id":"https:\/\/www.eks-intec.com\/tab\/#breadcrumb"},"inLanguage":"de","potentialAction":[{"@type":"ReadAction","target":["https:\/\/www.eks-intec.com\/tab\/"]}]},{"@type":"ImageObject","inLanguage":"de","@id":"https:\/\/www.eks-intec.com\/tab\/#primaryimage","url":"https:\/\/www.eks-intec.com\/wp-content\/uploads\/2025\/02\/close-up-electric-car-battery-production-line-1.jpg","contentUrl":"https:\/\/www.eks-intec.com\/wp-content\/uploads\/2025\/02\/close-up-electric-car-battery-production-line-1.jpg"},{"@type":"BreadcrumbList","@id":"https:\/\/www.eks-intec.com\/tab\/#breadcrumb","itemListElement":[{"@type":"ListItem","position":1,"name":"Home","item":"https:\/\/www.eks-intec.com\/"},{"@type":"ListItem","position":2,"name":"Tab"}]},{"@type":"WebSite","@id":"https:\/\/www.eks-intec.com\/#website","url":"https:\/\/www.eks-intec.com\/","name":"EKS InTec Website","description":"Your SUPER-powered WP Engine Site","publisher":{"@id":"https:\/\/www.eks-intec.com\/#organization"},"potentialAction":[{"@type":"SearchAction","target":{"@type":"EntryPoint","urlTemplate":"https:\/\/www.eks-intec.com\/?s={search_term_string}"},"query-input":{"@type":"PropertyValueSpecification","valueRequired":true,"valueName":"search_term_string"}}],"inLanguage":"de"},{"@type":"Organization","@id":"https:\/\/www.eks-intec.com\/#organization","name":"EKS InTec","url":"https:\/\/www.eks-intec.com\/","logo":{"@type":"ImageObject","inLanguage":"de","@id":"https:\/\/www.eks-intec.com\/#\/schema\/logo\/image\/","url":"https:\/\/www.eks-intec.com\/wp-content\/uploads\/2026\/03\/eks-icon-1.svg","contentUrl":"https:\/\/www.eks-intec.com\/wp-content\/uploads\/2026\/03\/eks-icon-1.svg","caption":"EKS InTec"},"image":{"@id":"https:\/\/www.eks-intec.com\/#\/schema\/logo\/image\/"}}]}},"publishpress_future_workflow_manual_trigger":{"enabledWorkflows":[]},"_links":{"self":[{"href":"https:\/\/www.eks-intec.com\/de\/wp-json\/wp\/v2\/pages\/3125","targetHints":{"allow":["GET"]}}],"collection":[{"href":"https:\/\/www.eks-intec.com\/de\/wp-json\/wp\/v2\/pages"}],"about":[{"href":"https:\/\/www.eks-intec.com\/de\/wp-json\/wp\/v2\/types\/page"}],"author":[{"embeddable":true,"href":"https:\/\/www.eks-intec.com\/de\/wp-json\/wp\/v2\/users\/7"}],"replies":[{"embeddable":true,"href":"https:\/\/www.eks-intec.com\/de\/wp-json\/wp\/v2\/comments?post=3125"}],"version-history":[{"count":0,"href":"https:\/\/www.eks-intec.com\/de\/wp-json\/wp\/v2\/pages\/3125\/revisions"}],"wp:attachment":[{"href":"https:\/\/www.eks-intec.com\/de\/wp-json\/wp\/v2\/media?parent=3125"}],"curies":[{"name":"wp","href":"https:\/\/api.w.org\/{rel}","templated":true}]}}