{"id":2914,"date":"2025-02-07T14:55:59","date_gmt":"2025-02-07T14:55:59","guid":{"rendered":"https:\/\/www.eks-intec.com\/?page_id=2914"},"modified":"2026-01-15T15:11:29","modified_gmt":"2026-01-15T14:11:29","slug":"legal-notice","status":"publish","type":"page","link":"https:\/\/www.eks-intec.com\/de\/legal-notice\/","title":{"rendered":"Impressum"},"content":{"rendered":"<div data-elementor-type=\"wp-page\" data-elementor-id=\"2914\" class=\"elementor elementor-2914\" data-elementor-post-type=\"page\">\n\t\t\t\t<div class=\"elementor-element elementor-element-10b95924 e-flex e-con-boxed e-con e-parent\" data-id=\"10b95924\" data-element_type=\"container\" data-e-type=\"container\">\n\t\t\t\t\t<div class=\"e-con-inner\">\n\t\t\t\t<div class=\"elementor-element elementor-element-380e7c elementor-widget elementor-widget-text-editor\" data-id=\"380e7c\" data-element_type=\"widget\" data-e-type=\"widget\" data-widget_type=\"text-editor.default\">\n\t\t\t\t<div class=\"elementor-widget-container\">\n\t\t\t\t\t\t\t\t\t\n<h3 class=\"wp-block-heading\">Impressum \/ Rechtliche Hinweise<\/h3>\n\n<p>EKS InTec GmbH<br \/>Danziger-Str. 3<br \/>88250 Weingarten<br \/>Deutschland<br \/><br \/>Phone: +49 751 362 16 \u2013 0<br \/>Fax: +49 751 362 16 \u2013 99<br \/><br \/><a href=\"http:\/\/www.eks-intec.de\">www.eks-intec.de<\/a><br \/><br \/>Gesch\u00e4ftsf\u00fchrung:\nHolger H\u00e4mmerle, Heinrich Bolinger, Christian Keller<br \/>\u00a0<br \/>Handelsregister:\nAmtsgericht Ulm, HRB 552451<br \/>Umsatzsteuer-Identifikationsnummer gem\u00e4\u00df \u00a7 27a UStG:\nDE 240912807<\/p>\n\n<p>Die EKS InTec GmbH, nachfolgend \u201eEKS InTec\u201c genannt, ist Inhaberin dieser Website und, sofern nicht anders angegeben, auch Inhaberin s\u00e4mtlicher Inhalte dieser Website.\n\nMit dem Zugriff auf und der Nutzung dieser Website der EKS InTec GmbH oder einer ihrer Tochtergesellschaften erkl\u00e4ren Sie sich mit den Bedingungen dieses rechtlichen Hinweises ohne Einschr\u00e4nkung oder \u00c4nderung einverstanden.\n\nEKS InTec beh\u00e4lt sich das Recht vor, diese Bedingungen jederzeit nach eigenem Ermessen zu \u00e4ndern. \u00c4nderungen treten mit ihrer Ver\u00f6ffentlichung sofort in Kraft. Durch die fortgesetzte Nutzung der Website nach \u00c4nderungen der Bedingungen gilt Ihre Zustimmung zu den jeweils aktuellen Bedingungen als erteilt. EKS InTec empfiehlt daher, diese rechtlichen Hinweise regelm\u00e4\u00dfig zu \u00fcberpr\u00fcfen.\n\nSollte eine Bestimmung oder ein Teil einer Bestimmung dieses rechtlichen Hinweises unwirksam, rechtswidrig oder undurchsetzbar sein oder werden, so bleibt die Wirksamkeit der \u00fcbrigen Bestimmungen hiervon unber\u00fchrt.<\/p>\n<p>\u00a0<\/p>\n\n<p>Bei Fragen zu diesen rechtlichen Hinweisen kontaktieren Sie uns bitte.<\/p>\n<p>\u00a0<\/p>\n\n<h3 class=\"wp-block-heading\">Nutzung<\/h3>\n\n<p>Die Inhalte dieser Website d\u00fcrfen ohne die vorherige ausdr\u00fcckliche schriftliche Zustimmung der EKS InTec GmbH nicht zu irgendeinem Zweck verwendet werden. Insbesondere ist es untersagt, Inhalte f\u00fcr kommerzielle Zwecke zu vervielf\u00e4ltigen, zu kopieren, zu \u00fcbermitteln, zu versenden, zu verbreiten, zu speichern, zu ver\u00e4ndern, herunterzuladen, zu ver\u00f6ffentlichen, zu lizenzieren, zu verkaufen oder anderweitig zu nutzen.\n\nF\u00fcr den privaten und nicht-kommerziellen Gebrauch d\u00fcrfen Inhalte \u2013 sofern nicht ausdr\u00fccklich anders angegeben \u2013 nicht vervielf\u00e4ltigt, heruntergeladen, gespeichert, \u00fcbertragen oder verbreitet werden, es sei denn, s\u00e4mtliche Urheberrechts- und sonstigen Schutzvermerke bleiben vollst\u00e4ndig erhalten.<\/p>\n<p>\u00a0<\/p>\n\n<h3 class=\"wp-block-heading\">Marken- und Urheberrecht<\/h3>\n\n<p>Alle auf dieser Website dargestellten Warenzeichen, Marken, Logos, Texte, Bilder, Audioclips und Softwareprogramme sind, sofern nicht anders angegeben, Eigentum der EKS InTec GmbH oder einer ihrer Tochtergesellschaften und unterliegen dem Urheberrecht.\n\nAlle Rechte sind vorbehalten. Die Nutzung von Marken, Logos, Texten, Bildern und Softwareprogrammen ist ohne vorherige ausdr\u00fcckliche Zustimmung der EKS InTec GmbH gem\u00e4\u00df den vorstehenden Bestimmungen untersagt.<\/p>\n<p>\u00a0<\/p>\n\n<h3 class=\"wp-block-heading\">Haftungsausschluss (Gew\u00e4hrleistung)<\/h3>\n\n<p>Die auf dieser Website bereitgestellten Informationen erfolgen ohne ausdr\u00fcckliche oder stillschweigende Gew\u00e4hrleistung oder Garantie. Dies gilt insbesondere auch f\u00fcr Verkaufsbedingungen, die Eignung f\u00fcr einen bestimmten Zweck sowie die rechtliche Zul\u00e4ssigkeit.\n\nDie EKS InTec GmbH \u00fcbernimmt keine Gew\u00e4hr f\u00fcr die Richtigkeit, Vollst\u00e4ndigkeit oder Aktualit\u00e4t der auf dieser Website enthaltenen Informationen. Eine Verpflichtung zur Aktualisierung der Inhalte besteht nicht.\n\nDie Inhalte dieser Website k\u00f6nnen jederzeit und ohne vorherige Ank\u00fcndigung ge\u00e4ndert, erg\u00e4nzt oder durch eine neue Version ersetzt werden. Die EKS InTec GmbH \u00fcbernimmt keine Garantie daf\u00fcr, dass diese Website frei von Viren oder sonstigen sch\u00e4dlichen Einfl\u00fcssen ist, die infizierende oder zerst\u00f6rerische Wirkungen haben k\u00f6nnten.<\/p>\n<p>\u00a0<\/p>\n\n<h3 class=\"wp-block-heading\">Haftungsbeschr\u00e4nkung<\/h3>\n\n<p>Sie erkennen an, dass die Nutzung dieser Website auf eigene Gefahr erfolgt und dass Sie f\u00fcr s\u00e4mtliche Kosten verantwortlich sind, die aus der Nutzung dieser Website entstehen.\n\nDie EKS InTec GmbH haftet weder unmittelbar noch mittelbar f\u00fcr Sch\u00e4den, die aus der Nutzung dieser Website oder ihrer Inhalte entstehen. Dies gilt unabh\u00e4ngig davon, ob es sich um strafbare Handlungen, zuf\u00e4llige Ereignisse, besondere, indirekte oder sonstige Sch\u00e4den handelt.\n\nDiese Haftungsbeschr\u00e4nkung gilt auch f\u00fcr vertragliche Inhalte, strafbare Handlungen, Haftungsanspr\u00fcche oder sonstige Sachverhalte, selbst wenn auf die M\u00f6glichkeit eines Schadenseintritts hingewiesen wurde.<\/p>\n<p>\u00a0<\/p>\n\n<h3 class=\"wp-block-heading\">Externe Websites<\/h3>\n\n<p>Diese Website kann Links zu externen Websites enthalten, die von Dritten betrieben, ver\u00f6ffentlicht und gepflegt werden. Diese Links dienen ausschlie\u00dflich der Benutzerfreundlichkeit.\n\nDie EKS InTec GmbH \u00fcberwacht die Inhalte externer Websites nicht und \u00fcbernimmt keinerlei Verantwortung f\u00fcr deren Inhalte, die Richtigkeit der bereitgestellten Informationen oder die Datenschutzpraktiken von Websites Dritter.<\/p>\n\t\t\t\t\t\t\t\t<\/div>\n\t\t\t\t<\/div>\n\t\t\t\t\t<\/div>\n\t\t\t\t<\/div>\n\t\t\t\t<\/div>","protected":false},"excerpt":{"rendered":"<p>Imprint \/ Legal information EKS InTec GmbHDanziger-Str. 388250 WeingartenDeutschland Phone: +49 751 362 16 &#8211; 0Fax: +49 751 362 16 &#8211; 99 www.eks-intec.de General Managers: Holger H\u00e4mmerle, Heinrich Bolinger, Christian Keller\u00a0Commercial Register at Ulm Local Court, No. HRB 552451Value added tax identification number: DE 240912807 EKS InTec GmbH, hereinafter referred to as &#8220;EKS InTec&#8221;, is [&hellip;]<\/p>\n","protected":false},"author":7,"featured_media":0,"parent":0,"menu_order":28,"comment_status":"closed","ping_status":"closed","template":"","meta":{"_acf_changed":false,"footnotes":""},"class_list":["post-2914","page","type-page","status-publish","hentry"],"acf":[],"yoast_head":"<!-- This site is optimized with the Yoast SEO plugin v27.1.1 - https:\/\/yoast.com\/product\/yoast-seo-wordpress\/ -->\n<title>Legal notice - EKS Site<\/title>\n<meta name=\"robots\" content=\"index, follow, max-snippet:-1, max-image-preview:large, max-video-preview:-1\" \/>\n<link rel=\"canonical\" href=\"https:\/\/www.eks-intec.com\/de\/legal-notice\/\" \/>\n<meta property=\"og:locale\" content=\"de_DE\" \/>\n<meta property=\"og:type\" content=\"article\" \/>\n<meta property=\"og:title\" content=\"Legal notice - EKS Site\" \/>\n<meta property=\"og:description\" content=\"Imprint \/ Legal information EKS InTec GmbHDanziger-Str. 388250 WeingartenDeutschland Phone: +49 751 362 16 &#8211; 0Fax: +49 751 362 16 &#8211; 99 www.eks-intec.de General Managers: Holger H\u00e4mmerle, Heinrich Bolinger, Christian Keller\u00a0Commercial Register at Ulm Local Court, No. HRB 552451Value added tax identification number: DE 240912807 EKS InTec GmbH, hereinafter referred to as &#8220;EKS InTec&#8221;, is [&hellip;]\" \/>\n<meta property=\"og:url\" content=\"https:\/\/www.eks-intec.com\/de\/legal-notice\/\" \/>\n<meta property=\"og:site_name\" content=\"EKS Site\" \/>\n<meta property=\"article:modified_time\" content=\"2026-01-15T14:11:29+00:00\" \/>\n<meta name=\"twitter:card\" content=\"summary_large_image\" \/>\n<meta name=\"twitter:label1\" content=\"Gesch\u00e4tzte Lesezeit\" \/>\n\t<meta name=\"twitter:data1\" content=\"3\u00a0Minuten\" \/>\n<script type=\"application\/ld+json\" class=\"yoast-schema-graph\">{\"@context\":\"https:\/\/schema.org\",\"@graph\":[{\"@type\":\"WebPage\",\"@id\":\"https:\/\/www.eks-intec.com\/legal-notice\/\",\"url\":\"https:\/\/www.eks-intec.com\/legal-notice\/\",\"name\":\"Legal notice - EKS Site\",\"isPartOf\":{\"@id\":\"https:\/\/www.eks-intec.com\/#website\"},\"datePublished\":\"2025-02-07T14:55:59+00:00\",\"dateModified\":\"2026-01-15T14:11:29+00:00\",\"breadcrumb\":{\"@id\":\"https:\/\/www.eks-intec.com\/legal-notice\/#breadcrumb\"},\"inLanguage\":\"de\",\"potentialAction\":[{\"@type\":\"ReadAction\",\"target\":[\"https:\/\/www.eks-intec.com\/legal-notice\/\"]}]},{\"@type\":\"BreadcrumbList\",\"@id\":\"https:\/\/www.eks-intec.com\/legal-notice\/#breadcrumb\",\"itemListElement\":[{\"@type\":\"ListItem\",\"position\":1,\"name\":\"Home\",\"item\":\"https:\/\/www.eks-intec.com\/\"},{\"@type\":\"ListItem\",\"position\":2,\"name\":\"Legal notice\"}]},{\"@type\":\"WebSite\",\"@id\":\"https:\/\/www.eks-intec.com\/#website\",\"url\":\"https:\/\/www.eks-intec.com\/\",\"name\":\"EKS InTec Website\",\"description\":\"Your SUPER-powered WP Engine Site\",\"publisher\":{\"@id\":\"https:\/\/www.eks-intec.com\/#organization\"},\"potentialAction\":[{\"@type\":\"SearchAction\",\"target\":{\"@type\":\"EntryPoint\",\"urlTemplate\":\"https:\/\/www.eks-intec.com\/?s={search_term_string}\"},\"query-input\":{\"@type\":\"PropertyValueSpecification\",\"valueRequired\":true,\"valueName\":\"search_term_string\"}}],\"inLanguage\":\"de\"},{\"@type\":\"Organization\",\"@id\":\"https:\/\/www.eks-intec.com\/#organization\",\"name\":\"EKS InTec\",\"url\":\"https:\/\/www.eks-intec.com\/\",\"logo\":{\"@type\":\"ImageObject\",\"inLanguage\":\"de\",\"@id\":\"https:\/\/www.eks-intec.com\/#\/schema\/logo\/image\/\",\"url\":\"https:\/\/www.eks-intec.com\/wp-content\/uploads\/2026\/03\/eks-icon-1.svg\",\"contentUrl\":\"https:\/\/www.eks-intec.com\/wp-content\/uploads\/2026\/03\/eks-icon-1.svg\",\"caption\":\"EKS InTec\"},\"image\":{\"@id\":\"https:\/\/www.eks-intec.com\/#\/schema\/logo\/image\/\"}}]}<\/script>\n<!-- \/ Yoast SEO plugin. -->","yoast_head_json":{"title":"Legal notice - EKS Site","robots":{"index":"index","follow":"follow","max-snippet":"max-snippet:-1","max-image-preview":"max-image-preview:large","max-video-preview":"max-video-preview:-1"},"canonical":"https:\/\/www.eks-intec.com\/de\/legal-notice\/","og_locale":"de_DE","og_type":"article","og_title":"Legal notice - EKS Site","og_description":"Imprint \/ Legal information EKS InTec GmbHDanziger-Str. 388250 WeingartenDeutschland Phone: +49 751 362 16 &#8211; 0Fax: +49 751 362 16 &#8211; 99 www.eks-intec.de General Managers: Holger H\u00e4mmerle, Heinrich Bolinger, Christian Keller\u00a0Commercial Register at Ulm Local Court, No. HRB 552451Value added tax identification number: DE 240912807 EKS InTec GmbH, hereinafter referred to as &#8220;EKS InTec&#8221;, is [&hellip;]","og_url":"https:\/\/www.eks-intec.com\/de\/legal-notice\/","og_site_name":"EKS Site","article_modified_time":"2026-01-15T14:11:29+00:00","twitter_card":"summary_large_image","twitter_misc":{"Gesch\u00e4tzte Lesezeit":"3\u00a0Minuten"},"schema":{"@context":"https:\/\/schema.org","@graph":[{"@type":"WebPage","@id":"https:\/\/www.eks-intec.com\/legal-notice\/","url":"https:\/\/www.eks-intec.com\/legal-notice\/","name":"Legal notice - EKS Site","isPartOf":{"@id":"https:\/\/www.eks-intec.com\/#website"},"datePublished":"2025-02-07T14:55:59+00:00","dateModified":"2026-01-15T14:11:29+00:00","breadcrumb":{"@id":"https:\/\/www.eks-intec.com\/legal-notice\/#breadcrumb"},"inLanguage":"de","potentialAction":[{"@type":"ReadAction","target":["https:\/\/www.eks-intec.com\/legal-notice\/"]}]},{"@type":"BreadcrumbList","@id":"https:\/\/www.eks-intec.com\/legal-notice\/#breadcrumb","itemListElement":[{"@type":"ListItem","position":1,"name":"Home","item":"https:\/\/www.eks-intec.com\/"},{"@type":"ListItem","position":2,"name":"Legal notice"}]},{"@type":"WebSite","@id":"https:\/\/www.eks-intec.com\/#website","url":"https:\/\/www.eks-intec.com\/","name":"EKS InTec Website","description":"Your SUPER-powered WP Engine Site","publisher":{"@id":"https:\/\/www.eks-intec.com\/#organization"},"potentialAction":[{"@type":"SearchAction","target":{"@type":"EntryPoint","urlTemplate":"https:\/\/www.eks-intec.com\/?s={search_term_string}"},"query-input":{"@type":"PropertyValueSpecification","valueRequired":true,"valueName":"search_term_string"}}],"inLanguage":"de"},{"@type":"Organization","@id":"https:\/\/www.eks-intec.com\/#organization","name":"EKS InTec","url":"https:\/\/www.eks-intec.com\/","logo":{"@type":"ImageObject","inLanguage":"de","@id":"https:\/\/www.eks-intec.com\/#\/schema\/logo\/image\/","url":"https:\/\/www.eks-intec.com\/wp-content\/uploads\/2026\/03\/eks-icon-1.svg","contentUrl":"https:\/\/www.eks-intec.com\/wp-content\/uploads\/2026\/03\/eks-icon-1.svg","caption":"EKS InTec"},"image":{"@id":"https:\/\/www.eks-intec.com\/#\/schema\/logo\/image\/"}}]}},"publishpress_future_workflow_manual_trigger":{"enabledWorkflows":[]},"_links":{"self":[{"href":"https:\/\/www.eks-intec.com\/de\/wp-json\/wp\/v2\/pages\/2914","targetHints":{"allow":["GET"]}}],"collection":[{"href":"https:\/\/www.eks-intec.com\/de\/wp-json\/wp\/v2\/pages"}],"about":[{"href":"https:\/\/www.eks-intec.com\/de\/wp-json\/wp\/v2\/types\/page"}],"author":[{"embeddable":true,"href":"https:\/\/www.eks-intec.com\/de\/wp-json\/wp\/v2\/users\/7"}],"replies":[{"embeddable":true,"href":"https:\/\/www.eks-intec.com\/de\/wp-json\/wp\/v2\/comments?post=2914"}],"version-history":[{"count":6,"href":"https:\/\/www.eks-intec.com\/de\/wp-json\/wp\/v2\/pages\/2914\/revisions"}],"predecessor-version":[{"id":5634,"href":"https:\/\/www.eks-intec.com\/de\/wp-json\/wp\/v2\/pages\/2914\/revisions\/5634"}],"wp:attachment":[{"href":"https:\/\/www.eks-intec.com\/de\/wp-json\/wp\/v2\/media?parent=2914"}],"curies":[{"name":"wp","href":"https:\/\/api.w.org\/{rel}","templated":true}]}}